{"id":3,"date":"2022-03-03T17:47:01","date_gmt":"2022-03-03T17:47:01","guid":{"rendered":"https:\/\/integraideas.com\/integra\/?page_id=3"},"modified":"2023-11-16T15:28:03","modified_gmt":"2023-11-16T15:28:03","slug":"terminos","status":"publish","type":"page","link":"https:\/\/integraideas.com\/integra\/terminos\/","title":{"rendered":"T\u00e9rminos y condiciones"},"content":{"rendered":"<div class=\"fusion-fullwidth fullwidth-box fusion-builder-row-1 fusion-flex-container nonhundred-percent-fullwidth non-hundred-percent-height-scrolling\" style=\"background-color: rgba(255,255,255,0);background-position: center center;background-repeat: no-repeat;border-width: 0px 0px 0px 0px;border-color:var(--awb-color3);border-style:solid;\" ><div class=\"fusion-builder-row fusion-row fusion-flex-align-items-flex-start\" style=\"max-width:1310.4px;margin-left: calc(-4% \/ 2 );margin-right: calc(-4% \/ 2 );\"><div class=\"fusion-layout-column fusion_builder_column fusion-builder-column-0 fusion_builder_column_1_1 1_1 fusion-flex-column\"><div class=\"fusion-column-wrapper fusion-flex-justify-content-flex-start fusion-content-layout-column\" style=\"background-position:left top;background-repeat:no-repeat;-webkit-background-size:cover;-moz-background-size:cover;-o-background-size:cover;background-size:cover;padding: 0px 0px 0px 0px;\"><div class=\"fusion-text fusion-text-1\"><div class=\"flex flex-grow flex-col max-w-full gap-3 gizmo:gap-0\">\n<div class=\"min-h-&#091;20px&#093; text-message peer flex flex-col items-start gap-3 whitespace-pre-wrap break-words peer-&#091;.text-message&#093;:mt-5 overflow-x-auto\" data-message-author-role=\"assistant\" data-message-id=\"e15b5adc-bf23-42b8-a554-6c025eb961b5\">\n<div class=\"markdown prose w-full break-words dark:prose-invert dark\">\n<p><strong>T\u00e9rminos y Condiciones de Servicio de Integraideas<\/strong><\/p>\n<p>Fecha de entrada en vigencia: 09 de agosto 2021<\/p>\n<p>Por favor, lee detenidamente estos t\u00e9rminos y condiciones de servicio (&#8220;T\u00e9rminos&#8221;) antes de utilizar el sitio web de IntegraIdeas (&#8220;Nosotros&#8221;, &#8220;Nuestro&#8221; o &#8220;Sitio&#8221;). Al acceder o utilizar el Sitio, aceptas cumplir con estos T\u00e9rminos. Si no est\u00e1s de acuerdo con alguno de los t\u00e9rminos establecidos a continuaci\u00f3n, no utilices el Sitio.<\/p>\n<p><strong>1. Uso del Sitio<\/strong><\/p>\n<p>1.1. <strong>Acceso y Registro:<\/strong> Al utilizar el Sitio, garantizas que tienes al menos 18 a\u00f1os y proporcionas informaci\u00f3n precisa y actualizada durante el proceso de registro. Eres responsable de mantener la confidencialidad de tu cuenta y contrase\u00f1a y aceptas la responsabilidad de todas las actividades que ocurran bajo tu cuenta.<\/p>\n<p>1.2. <strong>Contenido del Usuario:<\/strong> Al enviar contenido al Sitio, otorgas a Integraideas el derecho y la licencia no exclusivos, libres de regal\u00edas, transferibles, sublicenciables y mundiales para usar, reproducir, modificar, distribuir y mostrar dicho contenido en relaci\u00f3n con el Servicio.<\/p>\n<p><strong>2. Proyectos de Mejora Continua<\/strong><\/p>\n<p>2.1. <strong>Presentaci\u00f3n de Proyectos:<\/strong> Al presentar proyectos en el Sitio, garantizas que tienes los derechos necesarios para compartir la informaci\u00f3n y que dicha informaci\u00f3n no infringe los derechos de propiedad intelectual u otros derechos de terceros.<\/p>\n<p>2.2. <strong>Evaluaci\u00f3n y Selecci\u00f3n:<\/strong> Integraideas se reserva el derecho de evaluar y seleccionar los proyectos presentados. La selecci\u00f3n no garantiza la implementaci\u00f3n del proyecto ni la obtenci\u00f3n de fondos.<\/p>\n<p><strong>3. Propiedad Intelectual<\/strong><\/p>\n<p>3.1. <strong>Derechos de Autor:<\/strong> Todo el contenido presente en el Sitio, incluyendo pero no limitado a texto, gr\u00e1ficos, logotipos, im\u00e1genes y software, est\u00e1 protegido por derechos de autor y otros derechos de propiedad intelectual. No puedes reproducir, distribuir o utilizar el contenido de manera no autorizada sin el consentimiento expreso por escrito de Integraideas.<\/p>\n<p><strong>4. Limitaciones y Responsabilidades<\/strong><\/p>\n<p>4.1. <strong>Uso Aceptable:<\/strong> No debes utilizar el Sitio para actividades ilegales o no autorizadas. Nos reservamos el derecho de suspender o dar por terminado tu acceso al Sitio por cualquier violaci\u00f3n de estos T\u00e9rminos.<\/p>\n<p>4.2. <strong>Contenido Externo:<\/strong> Integraideas no es responsable del contenido de sitios web externos enlazados desde nuestro Sitio. La inclusi\u00f3n de enlaces no implica respaldo ni asociaci\u00f3n con dichos sitios.<\/p>\n<p><strong>5. Modificaciones y Terminaci\u00f3n<\/strong><\/p>\n<p>5.1. <strong>Modificaciones:<\/strong> Nos reservamos el derecho de modificar estos T\u00e9rminos en cualquier momento. Las modificaciones ser\u00e1n efectivas inmediatamente despu\u00e9s de su publicaci\u00f3n en el Sitio. El uso continuado del Sitio despu\u00e9s de cualquier modificaci\u00f3n constituye tu aceptaci\u00f3n de los nuevos t\u00e9rminos.<\/p>\n<p>5.2. <strong>Terminaci\u00f3n:<\/strong> Integraideas se reserva el derecho de suspender o dar por terminado tu acceso al Sitio en cualquier momento y por cualquier motivo sin previo aviso.<\/p>\n<p><strong>6. Ley Aplicable<\/strong><\/p>\n<p>Estos T\u00e9rminos se regir\u00e1n e interpretar\u00e1n de acuerdo con las leyes del [pa\u00eds] sin tener en cuenta sus conflictos de principios legales.<\/p>\n<p>Al utilizar el Sitio, aceptas cumplir con estos T\u00e9rminos y cualquier ley aplicable. Si tienes alguna pregunta o inquietud, cont\u00e1ctanos a [correo electr\u00f3nico].<\/p>\n<p>Gracias por ser parte de la comunidad Integraideas.<\/p>\n<\/div>\n<\/div>\n<\/div>\n<\/div><\/div><style type=\"text\/css\">.fusion-body .fusion-builder-column-0{width:100% !important;margin-top : 0px;margin-bottom : 20px;}.fusion-builder-column-0 > .fusion-column-wrapper {padding-top : 0px !important;padding-right : 0px !important;margin-right : 1.92%;padding-bottom : 0px !important;padding-left : 0px !important;margin-left : 1.92%;}@media only screen and (max-width:1035px) {.fusion-body .fusion-builder-column-0{width:100% !important;order : 0;}.fusion-builder-column-0 > .fusion-column-wrapper {margin-right : 1.92%;margin-left : 1.92%;}}@media only screen and (max-width:640px) {.fusion-body .fusion-builder-column-0{width:100% !important;order : 0;}.fusion-builder-column-0 > .fusion-column-wrapper {margin-right : 1.92%;margin-left : 1.92%;}}<\/style><\/div><\/div><style type=\"text\/css\">.fusion-body .fusion-flex-container.fusion-builder-row-1{ padding-top : 0px;margin-top : 0px;padding-right : 0px;padding-bottom : 0px;margin-bottom : 0px;padding-left : 0px;}<\/style><\/div>\n","protected":false},"excerpt":{"rendered":"","protected":false},"author":1,"featured_media":0,"parent":0,"menu_order":0,"comment_status":"closed","ping_status":"open","template":"","meta":{"footnotes":""},"class_list":["post-3","page","type-page","status-publish","hentry"],"_links":{"self":[{"href":"https:\/\/integraideas.com\/integra\/wp-json\/wp\/v2\/pages\/3","targetHints":{"allow":["GET"]}}],"collection":[{"href":"https:\/\/integraideas.com\/integra\/wp-json\/wp\/v2\/pages"}],"about":[{"href":"https:\/\/integraideas.com\/integra\/wp-json\/wp\/v2\/types\/page"}],"author":[{"embeddable":true,"href":"https:\/\/integraideas.com\/integra\/wp-json\/wp\/v2\/users\/1"}],"replies":[{"embeddable":true,"href":"https:\/\/integraideas.com\/integra\/wp-json\/wp\/v2\/comments?post=3"}],"version-history":[{"count":3,"href":"https:\/\/integraideas.com\/integra\/wp-json\/wp\/v2\/pages\/3\/revisions"}],"predecessor-version":[{"id":3197,"href":"https:\/\/integraideas.com\/integra\/wp-json\/wp\/v2\/pages\/3\/revisions\/3197"}],"wp:attachment":[{"href":"https:\/\/integraideas.com\/integra\/wp-json\/wp\/v2\/media?parent=3"}],"curies":[{"name":"wp","href":"https:\/\/api.w.org\/{rel}","templated":true}]}}